{"id":2,"date":"2009-12-23T09:49:22","date_gmt":"2009-12-23T11:49:22","guid":{"rendered":"http:\/\/caroljardim.com\/gengibrando\/?page_id=2"},"modified":"2017-10-24T10:59:09","modified_gmt":"2017-10-24T12:59:09","slug":"about","status":"publish","type":"page","link":"http:\/\/www.caroljardim.com\/gengibre\/about\/","title":{"rendered":"Na cozinha"},"content":{"rendered":"<p><a title=\"Venice 2 by carolstos, on Flickr\" href=\"http:\/\/www.flickr.com\/photos\/carolstos\/92142886\/\"><img loading=\"lazy\" decoding=\"async\" class=\"alignleft\" style=\"margin: 10px; border: 1px solid black;\" src=\"http:\/\/farm1.static.flickr.com\/31\/92142886_e24d79c4fc_m.jpg\" alt=\"Venice 2\" width=\"240\" height=\"180\" \/><\/a><strong>Carol Jardim<\/strong> \u00e9 jornalista formada pela PUC-Rio, eterna-aprendiz-de-fot\u00f3grafa e autora de alguns blogs (uns falecidos, outros em coma induzido). Ela trabalha, escreve e mora no Rio, onde, por muito tempo, viveu semi-acampada e sem cozinha.<\/p>\n<p>Em 23 de dezembro de 2009 criou o <em>Raiz de Gengibre<\/em> para acompanhar suas tentativas de aprender as receitas do cozinheiro e apresentador Jamie Oliver, come\u00e7ando pelo livro <em>Revolu\u00e7\u00e3o na Cozinha<\/em>. At\u00e9 o dia 23 de dezembro de 2009 cozinhava t\u00e3o bem quanto um chimpanz\u00e9. Espera em breve picar cebolas t\u00e3o r\u00e1pido quanto o Jamie.<\/p>\n<p>&nbsp;<\/p>\n<p><strong>Contatos:<\/strong><\/p>\n<p>E-mail: <a href=\"mailto:blogs@caroljardim.com\">blogs@caroljardim.com<\/a><br \/>\nSite: <a href=\"http:\/\/www.caroljardim.com\" target=\"_blank\" rel=\"noopener\">www.caroljardim.com<\/a><br \/>\nTwitter: <a href=\"http:\/\/www.twitter.com\/raizdegengibre\" target=\"_blank\" rel=\"noopener\">@raizdegengibre<\/a><br \/>\nFlickr:\u00a0<a href=\"http:\/\/www.flickr.com\/photos\/carolstos\/\">www.flickr.com\/photos\/carolstos<\/a><\/p>\n<p>&nbsp;<\/p>\n<p><strong>Outros caminhos:<\/strong><\/p>\n<p><a href=\"http:\/\/gartenbier.blogspot.com\" target=\"_blank\" rel=\"noopener\">Garten Bier<\/a> &#8211; cervejaria artesanal<\/p>\n<p><a href=\"https:\/\/www.instagram.com\/papeljardim\/\">Papel Jardim<\/a>\u00a0&#8211; encaderna\u00e7\u00e3o manual<\/p>\n","protected":false},"excerpt":{"rendered":"<p>Carol Jardim \u00e9 jornalista formada pela PUC-Rio, eterna-aprendiz-de-fot\u00f3grafa e autora de alguns blogs (uns falecidos, outros em coma induzido). Ela trabalha, escreve e mora no Rio, onde, por muito tempo, viveu semi-acampada e sem cozinha. Em 23 de dezembro de 2009 criou o Raiz de Gengibre para acompanhar suas tentativas de aprender as receitas do &hellip; <span class=\"read-more\"><a href=\"http:\/\/www.caroljardim.com\/gengibre\/about\/\" class=\"more-link\">Read More<\/a><\/span><\/p>\n","protected":false},"author":1,"featured_media":0,"parent":0,"menu_order":2,"comment_status":"open","ping_status":"closed","template":"","meta":{"footnotes":""},"class_list":["post-2","page","type-page","status-publish","hentry"],"yoast_head":"<!-- This site is optimized with the Yoast SEO plugin v20.7 - https:\/\/yoast.com\/wordpress\/plugins\/seo\/ -->\n<title>Na cozinha &#8902; Raiz de Gengibre<\/title>\n<meta name=\"robots\" content=\"index, follow, max-snippet:-1, max-image-preview:large, max-video-preview:-1\" \/>\n<link rel=\"canonical\" href=\"http:\/\/www.caroljardim.com\/gengibre\/about\/\" \/>\n<meta property=\"og:locale\" content=\"en_US\" \/>\n<meta property=\"og:type\" content=\"article\" \/>\n<meta property=\"og:title\" content=\"Na cozinha &#8902; Raiz de Gengibre\" \/>\n<meta property=\"og:description\" content=\"Carol Jardim \u00e9 jornalista formada pela PUC-Rio, eterna-aprendiz-de-fot\u00f3grafa e autora de alguns blogs (uns falecidos, outros em coma induzido). Ela trabalha, escreve e mora no Rio, onde, por muito tempo, viveu semi-acampada e sem cozinha. Em 23 de dezembro de 2009 criou o Raiz de Gengibre para acompanhar suas tentativas de aprender as receitas do &hellip; Read More\" \/>\n<meta property=\"og:url\" content=\"http:\/\/www.caroljardim.com\/gengibre\/about\/\" \/>\n<meta property=\"og:site_name\" content=\"Raiz de Gengibre\" \/>\n<meta property=\"article:publisher\" content=\"https:\/\/www.facebook.com\/RaizDeGengibre\/\" \/>\n<meta property=\"article:modified_time\" content=\"2017-10-24T12:59:09+00:00\" \/>\n<meta property=\"og:image\" content=\"http:\/\/farm1.static.flickr.com\/31\/92142886_e24d79c4fc_m.jpg\" \/>\n<meta name=\"twitter:card\" content=\"summary_large_image\" \/>\n<meta name=\"twitter:site\" content=\"@raizdegengibre\" \/>\n<meta name=\"twitter:label1\" content=\"Est. reading time\" \/>\n\t<meta name=\"twitter:data1\" content=\"1 minute\" \/>\n<script type=\"application\/ld+json\" class=\"yoast-schema-graph\">{\"@context\":\"https:\/\/schema.org\",\"@graph\":[{\"@type\":\"WebPage\",\"@id\":\"http:\/\/www.caroljardim.com\/gengibre\/about\/\",\"url\":\"http:\/\/www.caroljardim.com\/gengibre\/about\/\",\"name\":\"Na cozinha &#8902; Raiz de Gengibre\",\"isPartOf\":{\"@id\":\"https:\/\/www.caroljardim.com\/gengibre\/#website\"},\"datePublished\":\"2009-12-23T11:49:22+00:00\",\"dateModified\":\"2017-10-24T12:59:09+00:00\",\"breadcrumb\":{\"@id\":\"http:\/\/www.caroljardim.com\/gengibre\/about\/#breadcrumb\"},\"inLanguage\":\"en-US\",\"potentialAction\":[{\"@type\":\"ReadAction\",\"target\":[\"http:\/\/www.caroljardim.com\/gengibre\/about\/\"]}]},{\"@type\":\"BreadcrumbList\",\"@id\":\"http:\/\/www.caroljardim.com\/gengibre\/about\/#breadcrumb\",\"itemListElement\":[{\"@type\":\"ListItem\",\"position\":1,\"name\":\"Home\",\"item\":\"https:\/\/www.caroljardim.com\/gengibre\/\"},{\"@type\":\"ListItem\",\"position\":2,\"name\":\"Na cozinha\"}]},{\"@type\":\"WebSite\",\"@id\":\"https:\/\/www.caroljardim.com\/gengibre\/#website\",\"url\":\"https:\/\/www.caroljardim.com\/gengibre\/\",\"name\":\"Raiz de Gengibre\",\"description\":\"Comidas, viagens, eventos e fofurices\",\"potentialAction\":[{\"@type\":\"SearchAction\",\"target\":{\"@type\":\"EntryPoint\",\"urlTemplate\":\"https:\/\/www.caroljardim.com\/gengibre\/?s={search_term_string}\"},\"query-input\":\"required name=search_term_string\"}],\"inLanguage\":\"en-US\"}]}<\/script>\n<!-- \/ Yoast SEO plugin. -->","yoast_head_json":{"title":"Na cozinha &#8902; Raiz de Gengibre","robots":{"index":"index","follow":"follow","max-snippet":"max-snippet:-1","max-image-preview":"max-image-preview:large","max-video-preview":"max-video-preview:-1"},"canonical":"http:\/\/www.caroljardim.com\/gengibre\/about\/","og_locale":"en_US","og_type":"article","og_title":"Na cozinha &#8902; Raiz de Gengibre","og_description":"Carol Jardim \u00e9 jornalista formada pela PUC-Rio, eterna-aprendiz-de-fot\u00f3grafa e autora de alguns blogs (uns falecidos, outros em coma induzido). Ela trabalha, escreve e mora no Rio, onde, por muito tempo, viveu semi-acampada e sem cozinha. Em 23 de dezembro de 2009 criou o Raiz de Gengibre para acompanhar suas tentativas de aprender as receitas do &hellip; Read More","og_url":"http:\/\/www.caroljardim.com\/gengibre\/about\/","og_site_name":"Raiz de Gengibre","article_publisher":"https:\/\/www.facebook.com\/RaizDeGengibre\/","article_modified_time":"2017-10-24T12:59:09+00:00","og_image":[{"url":"http:\/\/farm1.static.flickr.com\/31\/92142886_e24d79c4fc_m.jpg"}],"twitter_card":"summary_large_image","twitter_site":"@raizdegengibre","twitter_misc":{"Est. reading time":"1 minute"},"schema":{"@context":"https:\/\/schema.org","@graph":[{"@type":"WebPage","@id":"http:\/\/www.caroljardim.com\/gengibre\/about\/","url":"http:\/\/www.caroljardim.com\/gengibre\/about\/","name":"Na cozinha &#8902; Raiz de Gengibre","isPartOf":{"@id":"https:\/\/www.caroljardim.com\/gengibre\/#website"},"datePublished":"2009-12-23T11:49:22+00:00","dateModified":"2017-10-24T12:59:09+00:00","breadcrumb":{"@id":"http:\/\/www.caroljardim.com\/gengibre\/about\/#breadcrumb"},"inLanguage":"en-US","potentialAction":[{"@type":"ReadAction","target":["http:\/\/www.caroljardim.com\/gengibre\/about\/"]}]},{"@type":"BreadcrumbList","@id":"http:\/\/www.caroljardim.com\/gengibre\/about\/#breadcrumb","itemListElement":[{"@type":"ListItem","position":1,"name":"Home","item":"https:\/\/www.caroljardim.com\/gengibre\/"},{"@type":"ListItem","position":2,"name":"Na cozinha"}]},{"@type":"WebSite","@id":"https:\/\/www.caroljardim.com\/gengibre\/#website","url":"https:\/\/www.caroljardim.com\/gengibre\/","name":"Raiz de Gengibre","description":"Comidas, viagens, eventos e fofurices","potentialAction":[{"@type":"SearchAction","target":{"@type":"EntryPoint","urlTemplate":"https:\/\/www.caroljardim.com\/gengibre\/?s={search_term_string}"},"query-input":"required name=search_term_string"}],"inLanguage":"en-US"}]}},"_links":{"self":[{"href":"http:\/\/www.caroljardim.com\/gengibre\/wp-json\/wp\/v2\/pages\/2","targetHints":{"allow":["GET"]}}],"collection":[{"href":"http:\/\/www.caroljardim.com\/gengibre\/wp-json\/wp\/v2\/pages"}],"about":[{"href":"http:\/\/www.caroljardim.com\/gengibre\/wp-json\/wp\/v2\/types\/page"}],"author":[{"embeddable":true,"href":"http:\/\/www.caroljardim.com\/gengibre\/wp-json\/wp\/v2\/users\/1"}],"replies":[{"embeddable":true,"href":"http:\/\/www.caroljardim.com\/gengibre\/wp-json\/wp\/v2\/comments?post=2"}],"version-history":[{"count":17,"href":"http:\/\/www.caroljardim.com\/gengibre\/wp-json\/wp\/v2\/pages\/2\/revisions"}],"predecessor-version":[{"id":3823,"href":"http:\/\/www.caroljardim.com\/gengibre\/wp-json\/wp\/v2\/pages\/2\/revisions\/3823"}],"wp:attachment":[{"href":"http:\/\/www.caroljardim.com\/gengibre\/wp-json\/wp\/v2\/media?parent=2"}],"curies":[{"name":"wp","href":"https:\/\/api.w.org\/{rel}","templated":true}]}}